{"id":413,"date":"2021-05-28T02:31:40","date_gmt":"2021-05-28T02:31:40","guid":{"rendered":"http:\/\/gessocaieiras.com.br\/?page_id=413"},"modified":"2024-07-23T19:58:47","modified_gmt":"2024-07-23T19:58:47","slug":"molduras-2","status":"publish","type":"page","link":"https:\/\/gessocaieiras.com.br\/index.php\/molduras-2\/","title":{"rendered":"Molduras"},"content":{"rendered":"\t\t<div data-elementor-type=\"wp-page\" data-elementor-id=\"413\" class=\"elementor elementor-413\">\n\t\t\t\t\t\t<section class=\"elementor-section elementor-top-section elementor-element elementor-element-ba7696d elementor-section-stretched elementor-section-boxed elementor-section-height-default elementor-section-height-default\" data-id=\"ba7696d\" data-element_type=\"section\" data-e-type=\"section\" data-settings=\"{&quot;stretch_section&quot;:&quot;section-stretched&quot;,&quot;background_background&quot;:&quot;classic&quot;}\">\n\t\t\t\t\t\t<div class=\"elementor-container elementor-column-gap-default\">\n\t\t\t\t\t<div class=\"elementor-column elementor-col-100 elementor-top-column elementor-element elementor-element-193577a\" data-id=\"193577a\" data-element_type=\"column\" data-e-type=\"column\">\n\t\t\t<div class=\"elementor-widget-wrap elementor-element-populated\">\n\t\t\t\t\t\t<div class=\"elementor-element elementor-element-2124510 elementor-widget elementor-widget-heading\" data-id=\"2124510\" data-element_type=\"widget\" data-e-type=\"widget\" data-widget_type=\"heading.default\">\n\t\t\t\t<div class=\"elementor-widget-container\">\n\t\t\t\t\t<h2 class=\"elementor-heading-title elementor-size-default\">Molduras<\/h2>\t\t\t\t<\/div>\n\t\t\t\t<\/div>\n\t\t\t\t\t<\/div>\n\t\t<\/div>\n\t\t\t\t\t<\/div>\n\t\t<\/section>\n\t\t\t\t<section class=\"elementor-section elementor-top-section elementor-element elementor-element-1007947 elementor-section-stretched elementor-section-boxed elementor-section-height-default elementor-section-height-default\" data-id=\"1007947\" data-element_type=\"section\" data-e-type=\"section\" data-settings=\"{&quot;stretch_section&quot;:&quot;section-stretched&quot;,&quot;background_background&quot;:&quot;classic&quot;}\">\n\t\t\t\t\t\t<div class=\"elementor-container elementor-column-gap-default\">\n\t\t\t\t\t<div class=\"elementor-column elementor-col-100 elementor-top-column elementor-element elementor-element-7101287\" data-id=\"7101287\" data-element_type=\"column\" data-e-type=\"column\">\n\t\t\t<div class=\"elementor-widget-wrap elementor-element-populated\">\n\t\t\t\t\t\t<div class=\"elementor-element elementor-element-a471478 elementor-widget elementor-widget-image\" data-id=\"a471478\" data-element_type=\"widget\" data-e-type=\"widget\" data-widget_type=\"image.default\">\n\t\t\t\t<div class=\"elementor-widget-container\">\n\t\t\t\t\t\t\t\t\t\t\t\t\t\t\t<img fetchpriority=\"high\" decoding=\"async\" width=\"800\" height=\"296\" src=\"https:\/\/gessocaieiras.com.br\/wp-content\/uploads\/2021\/05\/molduras222-1.jpg\" class=\"attachment-full size-full wp-image-604\" alt=\"\" srcset=\"https:\/\/gessocaieiras.com.br\/wp-content\/uploads\/2021\/05\/molduras222-1.jpg 800w, https:\/\/gessocaieiras.com.br\/wp-content\/uploads\/2021\/05\/molduras222-1-300x111.jpg 300w, https:\/\/gessocaieiras.com.br\/wp-content\/uploads\/2021\/05\/molduras222-1-768x284.jpg 768w\" sizes=\"(max-width: 800px) 100vw, 800px\" \/>\t\t\t\t\t\t\t\t\t\t\t\t\t\t\t<\/div>\n\t\t\t\t<\/div>\n\t\t\t\t\t<\/div>\n\t\t<\/div>\n\t\t\t\t\t<\/div>\n\t\t<\/section>\n\t\t\t\t<section class=\"elementor-section elementor-top-section elementor-element elementor-element-c41ea64 elementor-section-stretched elementor-section-boxed elementor-section-height-default elementor-section-height-default\" data-id=\"c41ea64\" data-element_type=\"section\" data-e-type=\"section\" data-settings=\"{&quot;stretch_section&quot;:&quot;section-stretched&quot;,&quot;background_background&quot;:&quot;classic&quot;}\">\n\t\t\t\t\t\t<div class=\"elementor-container elementor-column-gap-default\">\n\t\t\t\t\t<div class=\"elementor-column elementor-col-100 elementor-top-column elementor-element elementor-element-31525f8\" data-id=\"31525f8\" data-element_type=\"column\" data-e-type=\"column\">\n\t\t\t<div class=\"elementor-widget-wrap elementor-element-populated\">\n\t\t\t\t\t\t<div class=\"elementor-element elementor-element-fcd6001 elementor-widget elementor-widget-text-editor\" data-id=\"fcd6001\" data-element_type=\"widget\" data-e-type=\"widget\" data-widget_type=\"text-editor.default\">\n\t\t\t\t<div class=\"elementor-widget-container\">\n\t\t\t\t\t\t\t\t\t<p>O que s\u00e3o\u00a0<b>molduras de gesso<\/b>? As\u00a0<b>molduras de gesso<\/b>\u00a0tem fun\u00e7\u00e3o unicamente est\u00e9tica. S\u00e3o utilizadas para dar acabamento a tetos, paredes, portas e janelas. S\u00e3o capazes de transformar o ambiente, deixando-o muito mais sofisticado e elegante.<\/p>\t\t\t\t\t\t\t\t<\/div>\n\t\t\t\t<\/div>\n\t\t\t\t\t<\/div>\n\t\t<\/div>\n\t\t\t\t\t<\/div>\n\t\t<\/section>\n\t\t\t\t<section class=\"elementor-section elementor-top-section elementor-element elementor-element-5ce7ceb elementor-section-stretched elementor-section-boxed elementor-section-height-default elementor-section-height-default\" data-id=\"5ce7ceb\" data-element_type=\"section\" data-e-type=\"section\" data-settings=\"{&quot;stretch_section&quot;:&quot;section-stretched&quot;,&quot;background_background&quot;:&quot;classic&quot;}\">\n\t\t\t\t\t\t<div class=\"elementor-container elementor-column-gap-default\">\n\t\t\t\t\t<div class=\"elementor-column elementor-col-100 elementor-top-column elementor-element elementor-element-15bb98d\" data-id=\"15bb98d\" data-element_type=\"column\" data-e-type=\"column\">\n\t\t\t<div class=\"elementor-widget-wrap elementor-element-populated\">\n\t\t\t\t\t\t<div class=\"elementor-element elementor-element-7f7cdc6 elementor-arrows-position-inside elementor-pagination-position-outside elementor-widget elementor-widget-image-carousel\" data-id=\"7f7cdc6\" data-element_type=\"widget\" data-e-type=\"widget\" data-settings=\"{&quot;slides_to_show&quot;:&quot;4&quot;,&quot;slides_to_scroll&quot;:&quot;10&quot;,&quot;image_spacing_custom&quot;:{&quot;unit&quot;:&quot;px&quot;,&quot;size&quot;:15,&quot;sizes&quot;:[]},&quot;navigation&quot;:&quot;both&quot;,&quot;autoplay&quot;:&quot;yes&quot;,&quot;pause_on_hover&quot;:&quot;yes&quot;,&quot;pause_on_interaction&quot;:&quot;yes&quot;,&quot;autoplay_speed&quot;:5000,&quot;infinite&quot;:&quot;yes&quot;,&quot;speed&quot;:500,&quot;image_spacing_custom_tablet&quot;:{&quot;unit&quot;:&quot;px&quot;,&quot;size&quot;:&quot;&quot;,&quot;sizes&quot;:[]},&quot;image_spacing_custom_mobile&quot;:{&quot;unit&quot;:&quot;px&quot;,&quot;size&quot;:&quot;&quot;,&quot;sizes&quot;:[]}}\" data-widget_type=\"image-carousel.default\">\n\t\t\t\t<div class=\"elementor-widget-container\">\n\t\t\t\t\t\t\t<div class=\"elementor-image-carousel-wrapper swiper\" role=\"region\" aria-roledescription=\"carousel\" aria-label=\"Carrossel de imagens\" dir=\"ltr\">\n\t\t\t<div class=\"elementor-image-carousel swiper-wrapper swiper-image-stretch\" aria-live=\"off\">\n\t\t\t\t\t\t\t\t<div class=\"swiper-slide\" role=\"group\" aria-roledescription=\"slide\" aria-label=\"1 de 33\"><figure class=\"swiper-slide-inner\"><img decoding=\"async\" class=\"swiper-slide-image\" src=\"https:\/\/gessocaieiras.com.br\/wp-content\/uploads\/2021\/05\/MOLDURA-Y24-15-CM.jpg\" alt=\"MOLDURA Y24 - 15 CM\" \/><figcaption class=\"elementor-image-carousel-caption\">MOLDURA Y24 - 15 CM<\/figcaption><\/figure><\/div><div class=\"swiper-slide\" role=\"group\" aria-roledescription=\"slide\" aria-label=\"2 de 33\"><figure class=\"swiper-slide-inner\"><img decoding=\"async\" class=\"swiper-slide-image\" src=\"https:\/\/gessocaieiras.com.br\/wp-content\/uploads\/2021\/05\/MOLDURA-W49-15-CM.jpg\" alt=\"MOLDURA W49 -15 CM\" \/><figcaption class=\"elementor-image-carousel-caption\">MOLDURA W49 -15 CM<\/figcaption><\/figure><\/div><div class=\"swiper-slide\" role=\"group\" aria-roledescription=\"slide\" aria-label=\"3 de 33\"><figure class=\"swiper-slide-inner\"><img decoding=\"async\" class=\"swiper-slide-image\" src=\"https:\/\/gessocaieiras.com.br\/wp-content\/uploads\/2021\/05\/MOLDURA-U47-11-CM.jpg\" alt=\"MOLDURA U47 -11 CM\" \/><figcaption class=\"elementor-image-carousel-caption\">MOLDURA U47 -11 CM<\/figcaption><\/figure><\/div><div class=\"swiper-slide\" role=\"group\" aria-roledescription=\"slide\" aria-label=\"4 de 33\"><figure class=\"swiper-slide-inner\"><img decoding=\"async\" class=\"swiper-slide-image\" src=\"https:\/\/gessocaieiras.com.br\/wp-content\/uploads\/2021\/05\/MOLDURA-U21-11CM.jpg\" alt=\"MOLDURA U21 -11CM\" \/><figcaption class=\"elementor-image-carousel-caption\">MOLDURA U21 -11CM<\/figcaption><\/figure><\/div><div class=\"swiper-slide\" role=\"group\" aria-roledescription=\"slide\" aria-label=\"5 de 33\"><figure class=\"swiper-slide-inner\"><img decoding=\"async\" class=\"swiper-slide-image\" src=\"https:\/\/gessocaieiras.com.br\/wp-content\/uploads\/2021\/05\/MOLDURA-T123-15-CM.jpg\" alt=\"MOLDURA T123 -15 CM\" \/><figcaption class=\"elementor-image-carousel-caption\">MOLDURA T123 -15 CM<\/figcaption><\/figure><\/div><div class=\"swiper-slide\" role=\"group\" aria-roledescription=\"slide\" aria-label=\"6 de 33\"><figure class=\"swiper-slide-inner\"><img decoding=\"async\" class=\"swiper-slide-image\" src=\"https:\/\/gessocaieiras.com.br\/wp-content\/uploads\/2021\/05\/MOLDURA-S122-95-CM.jpg\" alt=\"MOLDURA S122 - 9,5 CM\" \/><figcaption class=\"elementor-image-carousel-caption\">MOLDURA S122 - 9,5 CM<\/figcaption><\/figure><\/div><div class=\"swiper-slide\" role=\"group\" aria-roledescription=\"slide\" aria-label=\"7 de 33\"><figure class=\"swiper-slide-inner\"><img decoding=\"async\" class=\"swiper-slide-image\" src=\"https:\/\/gessocaieiras.com.br\/wp-content\/uploads\/2021\/05\/MOLDURA-R121-85-CM.jpg\" alt=\"MOLDURA R121 -8,5 CM\" \/><figcaption class=\"elementor-image-carousel-caption\">MOLDURA R121 -8,5 CM<\/figcaption><\/figure><\/div><div class=\"swiper-slide\" role=\"group\" aria-roledescription=\"slide\" aria-label=\"8 de 33\"><figure class=\"swiper-slide-inner\"><img decoding=\"async\" class=\"swiper-slide-image\" src=\"https:\/\/gessocaieiras.com.br\/wp-content\/uploads\/2021\/05\/MOLDURA-R69-12CM.jpg\" alt=\"MOLDURA R69-12CM\" \/><figcaption class=\"elementor-image-carousel-caption\">MOLDURA R69-12CM<\/figcaption><\/figure><\/div><div class=\"swiper-slide\" role=\"group\" aria-roledescription=\"slide\" aria-label=\"9 de 33\"><figure class=\"swiper-slide-inner\"><img decoding=\"async\" class=\"swiper-slide-image\" src=\"https:\/\/gessocaieiras.com.br\/wp-content\/uploads\/2021\/05\/MOLDURA-R18-55-CM.jpg\" alt=\"MOLDURA R18 -5,5 CM\" \/><figcaption class=\"elementor-image-carousel-caption\">MOLDURA R18 -5,5 CM<\/figcaption><\/figure><\/div><div class=\"swiper-slide\" role=\"group\" aria-roledescription=\"slide\" aria-label=\"10 de 33\"><figure class=\"swiper-slide-inner\"><img decoding=\"async\" class=\"swiper-slide-image\" src=\"https:\/\/gessocaieiras.com.br\/wp-content\/uploads\/2021\/05\/MOLDURA-Q120-8CM.jpg\" alt=\"MOLDURA Q120 - 8CM\" \/><figcaption class=\"elementor-image-carousel-caption\">MOLDURA Q120 - 8CM<\/figcaption><\/figure><\/div><div class=\"swiper-slide\" role=\"group\" aria-roledescription=\"slide\" aria-label=\"11 de 33\"><figure class=\"swiper-slide-inner\"><img decoding=\"async\" class=\"swiper-slide-image\" src=\"https:\/\/gessocaieiras.com.br\/wp-content\/uploads\/2021\/05\/MOLDURA-Q17-67-CM.jpg\" alt=\"MOLDURA Q17 - 6,7 CM\" \/><figcaption class=\"elementor-image-carousel-caption\">MOLDURA Q17 - 6,7 CM<\/figcaption><\/figure><\/div><div class=\"swiper-slide\" role=\"group\" aria-roledescription=\"slide\" aria-label=\"12 de 33\"><figure class=\"swiper-slide-inner\"><img decoding=\"async\" class=\"swiper-slide-image\" src=\"https:\/\/gessocaieiras.com.br\/wp-content\/uploads\/2021\/05\/MOLDURA-P119-15CM.jpg\" alt=\"MOLDURA P119 -15CM\" \/><figcaption class=\"elementor-image-carousel-caption\">MOLDURA P119 -15CM<\/figcaption><\/figure><\/div><div class=\"swiper-slide\" role=\"group\" aria-roledescription=\"slide\" aria-label=\"13 de 33\"><figure class=\"swiper-slide-inner\"><img decoding=\"async\" class=\"swiper-slide-image\" src=\"https:\/\/gessocaieiras.com.br\/wp-content\/uploads\/2021\/05\/MOLDURA-O41-15CM.jpg\" alt=\"MOLDURA O41 - 15CM\" \/><figcaption class=\"elementor-image-carousel-caption\">MOLDURA O41 - 15CM<\/figcaption><\/figure><\/div><div class=\"swiper-slide\" role=\"group\" aria-roledescription=\"slide\" aria-label=\"14 de 33\"><figure class=\"swiper-slide-inner\"><img decoding=\"async\" class=\"swiper-slide-image\" src=\"https:\/\/gessocaieiras.com.br\/wp-content\/uploads\/2021\/05\/MOLDURA-N40-11-CM.jpg\" alt=\"MOLDURA N40 -11 CM\" \/><figcaption class=\"elementor-image-carousel-caption\">MOLDURA N40 -11 CM<\/figcaption><\/figure><\/div><div class=\"swiper-slide\" role=\"group\" aria-roledescription=\"slide\" aria-label=\"15 de 33\"><figure class=\"swiper-slide-inner\"><img decoding=\"async\" class=\"swiper-slide-image\" src=\"https:\/\/gessocaieiras.com.br\/wp-content\/uploads\/2021\/05\/MOLDURA-M39-95CM.jpg\" alt=\"MOLDURA M39 -9,5CM\" \/><figcaption class=\"elementor-image-carousel-caption\">MOLDURA M39 -9,5CM<\/figcaption><\/figure><\/div><div class=\"swiper-slide\" role=\"group\" aria-roledescription=\"slide\" aria-label=\"16 de 33\"><figure class=\"swiper-slide-inner\"><img decoding=\"async\" class=\"swiper-slide-image\" src=\"https:\/\/gessocaieiras.com.br\/wp-content\/uploads\/2021\/05\/MOLDURA-L63-16CM.jpg\" alt=\"MOLDURA L63 - 16CM\" \/><figcaption class=\"elementor-image-carousel-caption\">MOLDURA L63 - 16CM<\/figcaption><\/figure><\/div><div class=\"swiper-slide\" role=\"group\" aria-roledescription=\"slide\" aria-label=\"17 de 33\"><figure class=\"swiper-slide-inner\"><img decoding=\"async\" class=\"swiper-slide-image\" src=\"https:\/\/gessocaieiras.com.br\/wp-content\/uploads\/2021\/05\/MOLDURA-L38-10-CM.jpg\" alt=\"MOLDURA L38 -10 CM\" \/><figcaption class=\"elementor-image-carousel-caption\">MOLDURA L38 -10 CM<\/figcaption><\/figure><\/div><div class=\"swiper-slide\" role=\"group\" aria-roledescription=\"slide\" aria-label=\"18 de 33\"><figure class=\"swiper-slide-inner\"><img decoding=\"async\" class=\"swiper-slide-image\" src=\"https:\/\/gessocaieiras.com.br\/wp-content\/uploads\/2021\/05\/MOLDURA-K62-12CM.jpg\" alt=\"MOLDURA K62 - 12CM\" \/><figcaption class=\"elementor-image-carousel-caption\">MOLDURA K62 - 12CM<\/figcaption><\/figure><\/div><div class=\"swiper-slide\" role=\"group\" aria-roledescription=\"slide\" aria-label=\"19 de 33\"><figure class=\"swiper-slide-inner\"><img decoding=\"async\" class=\"swiper-slide-image\" src=\"https:\/\/gessocaieiras.com.br\/wp-content\/uploads\/2021\/05\/MOLDURA-J113-20-CM.jpg\" alt=\"MOLDURA J113 - 20 CM\" \/><figcaption class=\"elementor-image-carousel-caption\">MOLDURA J113 - 20 CM<\/figcaption><\/figure><\/div><div class=\"swiper-slide\" role=\"group\" aria-roledescription=\"slide\" aria-label=\"20 de 33\"><figure class=\"swiper-slide-inner\"><img decoding=\"async\" class=\"swiper-slide-image\" src=\"https:\/\/gessocaieiras.com.br\/wp-content\/uploads\/2021\/05\/MOLDURA-J87-08-CM.jpg\" alt=\"MOLDURA J87 - 08 CM\" \/><figcaption class=\"elementor-image-carousel-caption\">MOLDURA J87 - 08 CM<\/figcaption><\/figure><\/div><div class=\"swiper-slide\" role=\"group\" aria-roledescription=\"slide\" aria-label=\"21 de 33\"><figure class=\"swiper-slide-inner\"><img decoding=\"async\" class=\"swiper-slide-image\" src=\"https:\/\/gessocaieiras.com.br\/wp-content\/uploads\/2021\/05\/MOLDURA-J36-6CM.jpg\" alt=\"MOLDURA J36 -6CM\" \/><figcaption class=\"elementor-image-carousel-caption\">MOLDURA J36 -6CM<\/figcaption><\/figure><\/div><div class=\"swiper-slide\" role=\"group\" aria-roledescription=\"slide\" aria-label=\"22 de 33\"><figure class=\"swiper-slide-inner\"><img decoding=\"async\" class=\"swiper-slide-image\" src=\"https:\/\/gessocaieiras.com.br\/wp-content\/uploads\/2021\/05\/MOLDURA-J10-7CM.jpg\" alt=\"MOLDURA J10 - 7CM\" \/><figcaption class=\"elementor-image-carousel-caption\">MOLDURA J10 - 7CM<\/figcaption><\/figure><\/div><div class=\"swiper-slide\" role=\"group\" aria-roledescription=\"slide\" aria-label=\"23 de 33\"><figure class=\"swiper-slide-inner\"><img decoding=\"async\" class=\"swiper-slide-image\" src=\"https:\/\/gessocaieiras.com.br\/wp-content\/uploads\/2021\/05\/MOLDURA-I35-65-CM.jpg\" alt=\"MOLDURA I35 -6,5 CM\" \/><figcaption class=\"elementor-image-carousel-caption\">MOLDURA I35 -6,5 CM<\/figcaption><\/figure><\/div><div class=\"swiper-slide\" role=\"group\" aria-roledescription=\"slide\" aria-label=\"24 de 33\"><figure class=\"swiper-slide-inner\"><img decoding=\"async\" class=\"swiper-slide-image\" src=\"https:\/\/gessocaieiras.com.br\/wp-content\/uploads\/2021\/05\/MOLDURA-H85-115-CM.jpg\" alt=\"MOLDURA H85 -11,5 CM\" \/><figcaption class=\"elementor-image-carousel-caption\">MOLDURA H85 -11,5 CM<\/figcaption><\/figure><\/div><div class=\"swiper-slide\" role=\"group\" aria-roledescription=\"slide\" aria-label=\"25 de 33\"><figure class=\"swiper-slide-inner\"><img decoding=\"async\" class=\"swiper-slide-image\" src=\"https:\/\/gessocaieiras.com.br\/wp-content\/uploads\/2021\/05\/MOLDURA-G84-7-CM.jpg\" alt=\"MOLDURA G84 -7 CM\" \/><figcaption class=\"elementor-image-carousel-caption\">MOLDURA G84 -7 CM<\/figcaption><\/figure><\/div><div class=\"swiper-slide\" role=\"group\" aria-roledescription=\"slide\" aria-label=\"26 de 33\"><figure class=\"swiper-slide-inner\"><img decoding=\"async\" class=\"swiper-slide-image\" src=\"https:\/\/gessocaieiras.com.br\/wp-content\/uploads\/2021\/05\/MOLDURA-G33-145-CM.jpg\" alt=\"MOLDURA G33 -14,5 CM\" \/><figcaption class=\"elementor-image-carousel-caption\">MOLDURA G33 -14,5 CM<\/figcaption><\/figure><\/div><div class=\"swiper-slide\" role=\"group\" aria-roledescription=\"slide\" aria-label=\"27 de 33\"><figure class=\"swiper-slide-inner\"><img decoding=\"async\" class=\"swiper-slide-image\" src=\"https:\/\/gessocaieiras.com.br\/wp-content\/uploads\/2021\/05\/MOLDURA-F06-10-CM.jpg\" alt=\"MOLDURA F06 -10 CM\" \/><figcaption class=\"elementor-image-carousel-caption\">MOLDURA F06 -10 CM<\/figcaption><\/figure><\/div><div class=\"swiper-slide\" role=\"group\" aria-roledescription=\"slide\" aria-label=\"28 de 33\"><figure class=\"swiper-slide-inner\"><img decoding=\"async\" class=\"swiper-slide-image\" src=\"https:\/\/gessocaieiras.com.br\/wp-content\/uploads\/2021\/05\/MOLDURA-E31-12-CM.jpg\" alt=\"MOLDURA E31-12 CM\" \/><figcaption class=\"elementor-image-carousel-caption\">MOLDURA E31-12 CM<\/figcaption><\/figure><\/div><div class=\"swiper-slide\" role=\"group\" aria-roledescription=\"slide\" aria-label=\"29 de 33\"><figure class=\"swiper-slide-inner\"><img decoding=\"async\" class=\"swiper-slide-image\" src=\"https:\/\/gessocaieiras.com.br\/wp-content\/uploads\/2021\/05\/MOLDURA-E05-10-CM.jpg\" alt=\"MOLDURA E05-10 CM\" \/><figcaption class=\"elementor-image-carousel-caption\">MOLDURA E05-10 CM<\/figcaption><\/figure><\/div><div class=\"swiper-slide\" role=\"group\" aria-roledescription=\"slide\" aria-label=\"30 de 33\"><figure class=\"swiper-slide-inner\"><img decoding=\"async\" class=\"swiper-slide-image\" src=\"https:\/\/gessocaieiras.com.br\/wp-content\/uploads\/2021\/05\/MOLDURA-D30-8-CM.jpg\" alt=\"MOLDURA D30 -8 CM\" \/><figcaption class=\"elementor-image-carousel-caption\">MOLDURA D30 -8 CM<\/figcaption><\/figure><\/div><div class=\"swiper-slide\" role=\"group\" aria-roledescription=\"slide\" aria-label=\"31 de 33\"><figure class=\"swiper-slide-inner\"><img decoding=\"async\" class=\"swiper-slide-image\" src=\"https:\/\/gessocaieiras.com.br\/wp-content\/uploads\/2021\/05\/MOLDURA-A53-15-CM.jpg\" alt=\"MOLDURA A53 - 15 CM\" \/><figcaption class=\"elementor-image-carousel-caption\">MOLDURA A53 - 15 CM<\/figcaption><\/figure><\/div><div class=\"swiper-slide\" role=\"group\" aria-roledescription=\"slide\" aria-label=\"32 de 33\"><figure class=\"swiper-slide-inner\"><img decoding=\"async\" class=\"swiper-slide-image\" src=\"https:\/\/gessocaieiras.com.br\/wp-content\/uploads\/2021\/05\/MOLDURA-A01-7CM.jpg\" alt=\"MOLDURA A01 -7CM\" \/><figcaption class=\"elementor-image-carousel-caption\">MOLDURA A01 -7CM<\/figcaption><\/figure><\/div><div class=\"swiper-slide\" role=\"group\" aria-roledescription=\"slide\" aria-label=\"33 de 33\"><figure class=\"swiper-slide-inner\"><img decoding=\"async\" class=\"swiper-slide-image\" src=\"https:\/\/gessocaieiras.com.br\/wp-content\/uploads\/2021\/05\/MOLDURA-607-12-CM.jpg\" alt=\"MOLDURA 607 - 12 CM\" \/><figcaption class=\"elementor-image-carousel-caption\">MOLDURA 607 - 12 CM<\/figcaption><\/figure><\/div>\t\t\t<\/div>\n\t\t\t\t\t\t\t\t\t\t\t\t<div class=\"elementor-swiper-button elementor-swiper-button-prev\" role=\"button\" tabindex=\"0\">\n\t\t\t\t\t\t<i aria-hidden=\"true\" class=\"eicon-chevron-left\"><\/i>\t\t\t\t\t<\/div>\n\t\t\t\t\t<div class=\"elementor-swiper-button elementor-swiper-button-next\" role=\"button\" tabindex=\"0\">\n\t\t\t\t\t\t<i aria-hidden=\"true\" class=\"eicon-chevron-right\"><\/i>\t\t\t\t\t<\/div>\n\t\t\t\t\n\t\t\t\t\t\t\t\t\t<div class=\"swiper-pagination\"><\/div>\n\t\t\t\t\t\t\t\t\t<\/div>\n\t\t\t\t\t\t<\/div>\n\t\t\t\t<\/div>\n\t\t\t\t\t<\/div>\n\t\t<\/div>\n\t\t\t\t\t<\/div>\n\t\t<\/section>\n\t\t\t\t<\/div>\n\t\t","protected":false},"excerpt":{"rendered":"<p>Molduras O que s\u00e3o\u00a0molduras de gesso? As\u00a0molduras de gesso\u00a0tem fun\u00e7\u00e3o unicamente est\u00e9tica. S\u00e3o utilizadas para dar acabamento a tetos, paredes, portas e janelas. S\u00e3o capazes de transformar o ambiente, deixando-o muito mais sofisticado e elegante. MOLDURA Y24 &#8211; 15 CM MOLDURA W49 -15 CM MOLDURA U47 -11 CM MOLDURA U21 -11CM MOLDURA T123 -15 CM [&hellip;]<\/p>\n","protected":false},"author":1,"featured_media":0,"parent":0,"menu_order":0,"comment_status":"closed","ping_status":"closed","template":"elementor_canvas","meta":{"_joinchat":[],"footnotes":""},"class_list":["post-413","page","type-page","status-publish","hentry"],"_links":{"self":[{"href":"https:\/\/gessocaieiras.com.br\/index.php\/wp-json\/wp\/v2\/pages\/413","targetHints":{"allow":["GET"]}}],"collection":[{"href":"https:\/\/gessocaieiras.com.br\/index.php\/wp-json\/wp\/v2\/pages"}],"about":[{"href":"https:\/\/gessocaieiras.com.br\/index.php\/wp-json\/wp\/v2\/types\/page"}],"author":[{"embeddable":true,"href":"https:\/\/gessocaieiras.com.br\/index.php\/wp-json\/wp\/v2\/users\/1"}],"replies":[{"embeddable":true,"href":"https:\/\/gessocaieiras.com.br\/index.php\/wp-json\/wp\/v2\/comments?post=413"}],"version-history":[{"count":9,"href":"https:\/\/gessocaieiras.com.br\/index.php\/wp-json\/wp\/v2\/pages\/413\/revisions"}],"predecessor-version":[{"id":3226,"href":"https:\/\/gessocaieiras.com.br\/index.php\/wp-json\/wp\/v2\/pages\/413\/revisions\/3226"}],"wp:attachment":[{"href":"https:\/\/gessocaieiras.com.br\/index.php\/wp-json\/wp\/v2\/media?parent=413"}],"curies":[{"name":"wp","href":"https:\/\/api.w.org\/{rel}","templated":true}]}}